{"id":6257,"date":"2023-10-06T12:17:14","date_gmt":"2023-10-06T12:17:14","guid":{"rendered":"https:\/\/segaralombok.com\/contact\/"},"modified":"2025-10-28T17:48:34","modified_gmt":"2025-10-28T17:48:34","slug":"contact","status":"publish","type":"page","link":"https:\/\/segaralombok.com\/fr\/contact\/","title":{"rendered":"Contact"},"content":{"rendered":"<div class=\"brz brz-root__container brz-reset-all brz-root__container-page\">\n<section id=\"195ef886c35ff98cd428_gsahneqxfvhauzcagzvlqnhdusnozwvobffc\" class=\"brz-section brz-css-60wrdz brz-css-9i1x1v\">\n<div class=\"brz-section__content brz-section--boxed brz-css-11h1mmv brz-css-g636bk\" data-brz-custom-id=\"okaklcogonmcmxddakhaqhqihibskqlvidhe\">\n<div class=\"brz-bg\">\n<div class=\"brz-bg-image\"><\/div>\n<div class=\"brz-bg-color\"><\/div>\n<\/div>\n<div class=\"brz-container brz-css-1kv3tq1 brz-css-jhf34a\">\n<div id=\"\" class=\"brz-css-zczyel brz-css-1uo5i89 brz-wrapper\">\n<div class=\"brz-rich-text brz-rich-text__custom brz-css-fgkged brz-css-1fvzksk\" data-brz-custom-id=\"sdelshcbvvjceivyaofkcewoybxongzvcpai\">\n<div data-brz-translate-text=\"1\">\n<h1 class=\"brz-tp-lg-heading1 ql-align-center brz-text-lg-center brz-mb-lg-24 brz-css-zwX5V\" data-generated-css=\"brz-css-ffxmw\" data-uniq-id=\"rumzn\"><span class=\"brz-cp-color8\" style=\"opacity: 1;background-color: transparent\">Contact<\/span><\/h1>\n<\/div>\n<\/div>\n<\/div>\n<div id=\"\" class=\"brz-css-zczyel brz-css-136vvt1 brz-wrapper\">\n<div class=\"brz-rich-text brz-rich-text__custom brz-css-fgkged brz-css-19lx5nm\" data-brz-custom-id=\"uzncvzmhbizcdgsxjbzdwcnegdvrcuknncgy\">\n<div data-brz-translate-text=\"1\">\n<p class=\"brz-bcp-color1 brz-tp-lg-paragraph brz-text-lg-center brz-css-cedA2\" data-generated-css=\"brz-css-miaqg\" data-uniq-id=\"wagcy\"><span class=\"brz-cp-color8\" style=\"opacity: 1\">La destination id\u00e9ale \u00e0 Lombok, face \u00e0 la mer avec une vue inoubliable sur la plage de Serangan et la c\u00e9l\u00e8bre baie de Selong Belanak.<\/span><\/p>\n<\/div>\n<\/div>\n<\/div>\n<\/div>\n<\/div>\n<\/section>\n<section id=\"ea915ccb3e22eaad715b_mtkqzgkzvdiamlgynwegglycqwkavbhruvev\" class=\"brz-section brz-css-1pcyc28 brz-css-lbzsl1\">\n<div class=\"brz-section__content brz-section--boxed brz-css-ib1uju brz-css-mpgh1v\" data-brz-custom-id=\"mwstjzlxvaifqyqdtglfpypoykvkgwlzvmqn\">\n<div class=\"brz-bg\">\n<div class=\"brz-bg-color\"><\/div>\n<\/div>\n<div class=\"brz-container brz-css-131e2bh brz-css-1y8ksw4\">\n<div id=\"\" class=\"brz-css-dekl0z brz-css-j38fwk brz-wrapper\">\n<div data-brz-form-version=\"2\" class=\"brz-forms2 brz-css-1k2vjhk brz-css-7a2218\" data-brz-custom-id=\"kgvsiqqhvuatxrpgfvsqpfuzlqvyhfhkzvun\">\n<div data-brz-translate-text=\"1\" class=\"brz-forms2__item brz-css-hvywrx brz-css-e51pfb brz-css-1nbtsc6 brz-css-130mibl\"><label class=\"brz-label brz-forms2__field-label\" for=\"oDZPl6yN8rZj_71a1e19ac844eb89588a\">Pr\u00e9nom<\/label><\/div>\n<div data-brz-translate-text=\"1\" class=\"brz-forms2__item brz-css-hvywrx brz-css-e51pfb brz-css-1nbtsc6 brz-css-1tn26yn\"><label class=\"brz-label brz-forms2__field-label\" for=\"fJX7YkcPcXlA_23ed2e2c1f174eebcba3\">Nom de famille<\/label><\/div>\n<div data-brz-translate-text=\"1\" class=\"brz-forms2__item brz-css-hvywrx brz-css-e51pfb brz-css-1nbtsc6 brz-css-wywyhq\"><label class=\"brz-label brz-forms2__field-label\" for=\"mjL_GsJIPwBG_b9ded806accf028a1195\">Adresse e-mail<\/label><\/div>\n<div data-brz-translate-text=\"1\" class=\"brz-forms2__item brz-css-hvywrx brz-css-e51pfb brz-css-1nbtsc6 brz-css-lveqfx\"><label class=\"brz-label brz-forms2__field-label\" for=\"idQOuCVCd3Io_e98207c2cadc42168384\">S\u00e9lectionnez le sujet<\/label><\/p>\n<div class=\"brz-forms2__field brz-forms2__field-select brz-forms2__field-select--multiple brz-css-1kqvtwh brz-css-2ze6zk\">S\u00e9lectionnez le sujetObjet de la r\u00e9servationPoser des questionsActivit\u00e9s<\/div>\n<\/div>\n<div data-brz-translate-text=\"1\" class=\"brz-forms2__item brz-css-hvywrx brz-css-e51pfb brz-css-1nbtsc6 brz-css-w6kvik\"><label class=\"brz-label brz-forms2__field-label\" for=\"lUEaC2tmZg0R_12470994b51cae6267c6\">Message suppl\u00e9mentaire<\/label><textarea id=\"lUEaC2tmZg0R_12470994b51cae6267c6\" name=\"rwynagzqrcoqswfjdqlquslelljosossakiy\" data-brz-type=\"Paragraph\" data-brz-label=\"Message suppl\u00e9mentaire\" data-brz-placeholder=\"Dites-nous quelque chose dont vous avez besoin..\" class=\"brz-textarea brz-forms2__field brz-forms2__field-paragraph\"><\/textarea><\/div>\n<div class=\"brz-forms2 brz-forms2__item brz-forms2__item-button\" data-brz-custom-id=\"kgvsiqqhvuatxrpgfvsqpfuzlqvyhfhkzvun\"><button class=\"brz-btn brz-btn-submit brz-css-1o38vdf brz-css-f97w0b\" data-brz-custom-id=\"smvrnbhdtfjrflipvhsobacznarmctwwgwpe\"><span data-brz-translate-text=\"1\" class=\"brz-span brz-text__editor\">Envoyer le message<\/span><\/button><\/div>\n<div class=\"brz-g-recaptcha\" data-sitekey=\"\" data-size=\"invisible\" data-callback=\"brzFormV2Captcha\"><\/div>\n<\/div>\n<\/div>\n<\/div>\n<\/div>\n<\/section>\n<section id=\"f1c2ae44a0417ab519f9_hskgwcibllcfuaimuthypldiaoyytuehqpvf\" class=\"brz-section brz-css-1fjfnz9 brz-css-1snk11k\">\n<div class=\"brz-section__content brz-section--boxed brz-css-90uphh brz-css-1pei7ij\" data-brz-custom-id=\"qwbozubtxtwjkbcgrtbjivmkoicoemoacofo\">\n<div class=\"brz-bg\">\n<div class=\"brz-bg-color\"><\/div>\n<\/div>\n<div class=\"brz-container brz-css-1k0xx53 brz-css-epnooa\">\n<div id=\"\" class=\"brz-css-eamuwa brz-css-1u9vbm6 brz-wrapper\">\n<div class=\"brz-map brz-map_styles brz-css-1oy8097 brz-css-q3cdxl\" data-brz-custom-id=\"rlnmaqlbizjwrlybzizjhfegfkjmidjmgwiq\">\n<div class=\"brz-ui-ed-map-content\"><\/div>\n<\/div>\n<\/div>\n<\/div>\n<\/div>\n<\/section><\/div>\n<p><!-- version:1755046214 --><\/p>\n","protected":false},"excerpt":{"rendered":"<p>Contact La destination id\u00e9ale \u00e0 Lombok, face \u00e0 la mer avec une vue inoubliable sur la plage de Serangan et la c\u00e9l\u00e8bre baie de Selong Belanak. Pr\u00e9nom Nom de famille Adresse e-mail S\u00e9lectionnez le sujet S\u00e9lectionnez le sujetObjet de la r\u00e9servationPoser des questionsActivit\u00e9s Message suppl\u00e9mentaire Envoyer le message<\/p>\n","protected":false},"author":1,"featured_media":0,"parent":0,"menu_order":0,"comment_status":"closed","ping_status":"closed","template":"brizy-blank-template.php","meta":{"footnotes":""},"class_list":["post-6257","page","type-page","status-publish","hentry","entry"],"brizy_media":[{"id":214,"url":"https:\/\/segaralombok.com\/media\/2023\/10\/segara-lombok-top-view-scaled.jpg","name":"segara-lombok-top-view.jpg","meta":{"brizy_attachment_uid":"wp-cd6ee9799f22ab7da5f10133ef20527e.jpg","brizy_post_uid":["dabe5b2caea2226d310278c779020d67","4c6514507d7649065c5b1e87e7c653e1","a8846ab76abe61a74bc95eb84a96fcb1","9ef0ef349b35cd7a867f6a1f80579e6a"]}}],"_links":{"self":[{"href":"https:\/\/segaralombok.com\/fr\/wp-json\/wp\/v2\/pages\/6257","targetHints":{"allow":["GET"]}}],"collection":[{"href":"https:\/\/segaralombok.com\/fr\/wp-json\/wp\/v2\/pages"}],"about":[{"href":"https:\/\/segaralombok.com\/fr\/wp-json\/wp\/v2\/types\/page"}],"author":[{"embeddable":true,"href":"https:\/\/segaralombok.com\/fr\/wp-json\/wp\/v2\/users\/1"}],"replies":[{"embeddable":true,"href":"https:\/\/segaralombok.com\/fr\/wp-json\/wp\/v2\/comments?post=6257"}],"version-history":[{"count":0,"href":"https:\/\/segaralombok.com\/fr\/wp-json\/wp\/v2\/pages\/6257\/revisions"}],"wp:attachment":[{"href":"https:\/\/segaralombok.com\/fr\/wp-json\/wp\/v2\/media?parent=6257"}],"curies":[{"name":"wp","href":"https:\/\/api.w.org\/{rel}","templated":true}]}}